{"id":5475,"date":"2021-10-01T13:01:38","date_gmt":"2021-10-01T13:01:38","guid":{"rendered":"https:\/\/the7.io\/business-advisors\/?page_id=5475"},"modified":"2022-03-29T22:35:41","modified_gmt":"2022-03-29T22:35:41","slug":"politica-de-privacidade","status":"publish","type":"page","link":"https:\/\/babyshower.pt\/?page_id=5475","title":{"rendered":"Pol\u00edtica de Privacidade"},"content":{"rendered":"\t\t<div data-elementor-type=\"wp-page\" data-elementor-id=\"5475\" class=\"elementor elementor-5475\">\n\t\t\t\t\t\t<section class=\"elementor-section elementor-top-section elementor-element elementor-element-691aec9 elementor-section-boxed elementor-section-height-default elementor-section-height-default\" data-id=\"691aec9\" data-element_type=\"section\">\n\t\t\t\t\t\t<div class=\"elementor-container elementor-column-gap-wider\">\n\t\t\t\t\t<div class=\"elementor-column elementor-col-100 elementor-top-column elementor-element elementor-element-9022588\" data-id=\"9022588\" data-element_type=\"column\">\n\t\t\t<div class=\"elementor-widget-wrap elementor-element-populated\">\n\t\t\t\t\t\t<div class=\"elementor-element elementor-element-223cd16 elementor-widget elementor-widget-text-editor\" data-id=\"223cd16\" data-element_type=\"widget\" data-widget_type=\"text-editor.default\">\n\t\t\t\t<div class=\"elementor-widget-container\">\n\t\t\t\t\t\t\t<h5>RGPD \u2013 POL\u00cdTICA DE PRIVACIDADE \u2028<\/h5><p>Respeitamos a sua privacidade e agradecemos a confian\u00e7a que deposita em n\u00f3s. Nesta Pol\u00edtica de Privacidade explicamos quem somos, para que finalidades podemos usar os seus dados, como os tratamos, com quem os partilhamos, durante quanto tempo os conservamos, bem como as formas de entrar em contacto connosco e de exercer os seus direitos.<br \/>Os seus dados ser\u00e3o tratados por Farm\u00e1cia do Calend\u00e1rio Lda, 514733888, com sede na Avenida de Fran\u00e7a, 1361 Loja 1, 4760-282, Vila Nova de Famalic\u00e3o. Esta sociedade \u00e9 a respons\u00e1vel pelo tratamento de dados pessoais no cumprimento do Regulamento Geral sobre a Prote\u00e7\u00e3o de Dados.<\/p><h5><br \/>1 \u2013 O QUE FAZEMOS COM AS SUAS INFORMA\u00c7\u00d5ES?<\/h5><p>\u2028\u2028Quando faz uma encomenda na nossa loja, como parte do processo de compra e venda, recolhemos as informa\u00e7\u00f5es pessoais que nos s\u00e3o fornecidas, tais como o nome, endere\u00e7o e e-mail. Quando navega na nossa loja, recebemos tamb\u00e9m automaticamente o protocolo de internet do seu computador (endere\u00e7o de IP) a fim de obtermos informa\u00e7\u00f5es que nos ajudam a saber mais sobre o seu navegador e sistema operativo.<br \/>A informa\u00e7\u00e3o que nos disponibiliza destina-se apenas a prestar-lhe um servi\u00e7o mais adequado \u00e0s suas caracter\u00edsticas e necessidades. Como tal, e para efeitos de entrega de encomendas, pagamentos e contatos do Apoio ao Cliente, desde j\u00e1 informamos que os seus dados de contacto e morada ser\u00e3o transmitidos \u00e0s empresas de pagamento, empresas transportadoras e a prestadores de servi\u00e7os subcontratadas para a realiza\u00e7\u00e3o do nosso servi\u00e7o.<br \/>Marketing por e-mail: Com a sua permiss\u00e3o, podemos enviar e-mails sobre a nossa loja, novos produtos e outras atualiza\u00e7\u00f5es.\u2028Este tratamento de dados ser\u00e1 realizado apenas com o seu consentimento, prestado no momento de registo. Caso consinta, receber\u00e1 comunica\u00e7\u00f5es de marketing atrav\u00e9s de e-mail e SMS. \u2028O consentimento para o tratamento de dados pessoais para efeitos de Marketing pode ser revogado em qualquer altura. \u2028Os seus dados ser\u00e3o conservados at\u00e9 que pretenda a sua elimina\u00e7\u00e3o.<\/p><h5><br \/>2 \u2013 CONSENTIMENTO<\/h5><p>\u2028\u2028Como obtemos o seu consentimento?<br \/>Quando nos fornece as suas informa\u00e7\u00f5es pessoais para completar uma transa\u00e7\u00e3o, como o seu cart\u00e3o de cr\u00e9dito, fazer um pedido, providenciar uma entrega ou devolver uma compra, est\u00e1 a concordar com a nossa recolha e uso de informa\u00e7\u00f5es pessoais apenas para estes fins espec\u00edficos.<br \/>Se pedirmos as suas informa\u00e7\u00f5es pessoais por uma raz\u00e3o secund\u00e1ria, como marketing, pedimos o seu consentimento, onde ter\u00e1 a oportunidade de n\u00e3o concordar que usemos a sua informa\u00e7\u00e3o para estes fins.<br \/>Como posso retirar o meu consentimento? \u2028Caso depois de fornecer os seus dados pretenda alterar esse consentimento pode faz\u00ea-lo a qualquer altura e assim evitar que entremos em contato para obter ou divulgar qualquer informa\u00e7\u00e3o. Para alterar esse consentimento entre em contato connosco atrav\u00e9s do email geral@farmaciadocalendario.pt ou por correio atrav\u00e9s da seguinte Morada: Avenida de Fran\u00e7a, 1361 Loja 1, 4760-282, Vila Nova de Famalic\u00e3o.<\/p><h5><br \/>3 \u2013 DIVULGA\u00c7\u00c3O \u2028\u2028<\/h5><p>Podemos divulgar as suas informa\u00e7\u00f5es pessoais se formos obrigados por lei ou caso viole os nossos Termos de Servi\u00e7o.<\/p><h5><br \/>4 \u2013 Woocommerce<\/h5><p>A nossa loja \u00e9 hospedada na PTISP. S\u00e3o eles que nos fornecem a plataforma de E-commerce que nos permite vender os nossos produtos e servi\u00e7os. \u2028Os seus dados est\u00e3o armazenados atrav\u00e9s do armazenamento de dados da PTISP . Eles armazenam os seus dados num servidor seguro protegido por firewall.<\/p><h5><br \/>5 \u2013 SERVI\u00c7OS DE TERCEIROS<\/h5><p>No geral, os nossos fornecedores terci\u00e1rios ir\u00e3o reunir, usar e divulgar as suas informa\u00e7\u00f5es apenas na medida do necess\u00e1rio para permitir que sejam realizados os servi\u00e7os por eles fornecidos. \u2028Entretanto, certos prestadores de servi\u00e7os terci\u00e1rios, como gateways de pagamento e outros processadores de transa\u00e7\u00f5es de pagamento, t\u00eam as suas pr\u00f3prias pol\u00edticas de privacidade em rela\u00e7\u00e3o \u00e0 informa\u00e7\u00e3o que somos obrigados a fornecer sobre as transa\u00e7\u00f5es relacionadas \u00e0s compras. \u2028Para estes fornecedores, recomendamos que leia as suas pol\u00edticas de privacidade para que possa entender de que maneira as suas informa\u00e7\u00f5es pessoais ser\u00e3o usadas por estes fornecedores.<br \/>Especificamente, lembre-se que certos fornecedores podem estar localizados ou possuir instala\u00e7\u00f5es que ficam em jurisdi\u00e7\u00f5es diferentes da sua ou da nossa. Por isso, se pretender continuar com uma transa\u00e7\u00e3o que envolva um prestador de servi\u00e7os terci\u00e1rio como o Paypal por exemplo, as suas informa\u00e7\u00f5es podem ficar sujeitas \u00e0 legisla\u00e7\u00e3o da(s) jurisdi\u00e7\u00e3o(\u00f5es) onde o prestador do servi\u00e7os ou onde estiver localizada as suas instala\u00e7\u00f5es. \u2028Por exemplo, se est\u00e1 em Portugal e a sua transa\u00e7\u00e3o \u00e9 processada por uma gateway de pagamento nos Estados Unidos, as suas informa\u00e7\u00f5es pessoais usadas para completar a transa\u00e7\u00e3o podem estar sujeitas a divulga\u00e7\u00e3o sob a legisla\u00e7\u00e3o dos Estados Unidos, incluindo a Lei Patri\u00f3tica. Sempre que sair do site da nossa loja ou for redirecionado para um site de terceiros, passar\u00e1 a ser regido pela Pol\u00edtica de Privacidade ou pelos Termos de servi\u00e7o desse site.<\/p><h5>\u00a0<\/h5><h5><br \/>POL\u00cdTICA DE COOKIES<\/h5><p>Como utilizamos as cookies<br \/>As cookies s\u00e3o utilizadas para melhorar o nosso servi\u00e7o. Algumas das cookies s\u00e3o essenciais para garantir as funcionalidades disponibilizadas, enquanto outras s\u00e3o destinadas a melhorar o desempenho e a experi\u00eancia do utilizador.<br \/>As cookies essenciais destinam-se a: \u2028\u2013 lembrar o que adiciona ao carrinho \u2028\u2013 lembrar o seu progresso na encomenda<br \/>As cookies funcionais destinam-se a: \u2028\u2013 lembrar os dados da sua conta \u2028\u2013 garantir que a sua liga\u00e7\u00e3o \u00e9 segura \u2028\u2013 garantir que o s\u00edtio web \u00e9 mostrado de forma consistente \u2028\u2013 oferecer suporte atrav\u00e9s de chat<br \/>As cookies de desempenho destinam-se a: \u2028\u2013 melhorar o desempenho do s\u00edtio web reduzindo o n\u00famero de loads das p\u00e1ginas que visita \u2028\u2013 melhorar a experi\u00eancia do utilizador<br \/>As cookies de segmenta\u00e7\u00e3o destinam-se a: \u2028\u2013 permitir que partilhe e goste nas redes sociais \u2028\u2013 enviar informa\u00e7\u00e3o a outros s\u00edtios web para personalizar a publicidade mostrada.<br \/>Exemplos de utiliza\u00e7\u00e3o de cookies:<br \/>As cookies s\u00e3o utilizadas para melhorar o servi\u00e7o que lhe \u00e9 prestado, como por exemplo: \u2028\u2013 possibilitar a utiliza\u00e7\u00e3o de alguns servi\u00e7os como o pagamento, que n\u00e3o seria poss\u00edvel sem as cookies \u2028\u2013 permitir que um servi\u00e7o reconhe\u00e7a o seu dispositivo para que n\u00e3o tenha de fornecer constantemente os mesmos dados \u2028\u2013 reconhecer que j\u00e1 forneceu um nome de utilizador e palavra-passe quando ligado \u00e0 \u00e1rea de cliente para que n\u00e3o tenha de o fazer sempre que consulta uma p\u00e1gina \u2028\u2013 contabilizar quantas pessoas est\u00e3o a utilizar um servi\u00e7o, permitindo assim garantir que a utiliza\u00e7\u00e3o \u00e9 r\u00e1pida\u2028\u2013 analisar dados que nos permitam saber como utiliza os servi\u00e7os para que os possamos melhorar<br \/>Se n\u00e3o permitir que o site web utilize cookies, algumas p\u00e1ginas e funcionalidades n\u00e3o v\u00e3o funcionar como esperado. Como exemplo, n\u00e3o poder\u00e1 utilizar a lista de compras.<br \/>Se deseja apagar as cookies que j\u00e1 se encontram no seu computador, consulte a sec\u00e7\u00e3o de \u201cAjuda\u201d do seu navegador de internet.<br \/>Poder\u00e1 ainda saber mais informa\u00e7\u00f5es sobre cookies e como as gerir no site http:\/\/www.aboutcookies.org (Ingl\u00eas) ou consulte a sec\u00e7\u00e3o \u201cAjuda\u201d do seu navegador de internet.<\/p>\t\t\t\t\t\t<\/div>\n\t\t\t\t<\/div>\n\t\t\t\t\t<\/div>\n\t\t<\/div>\n\t\t\t\t\t<\/div>\n\t\t<\/section>\n\t\t\t\t<\/div>\n\t\t","protected":false},"excerpt":{"rendered":"<p>RGPD \u2013 POL\u00cdTICA DE PRIVACIDADE \u2028 Respeitamos a sua privacidade e agradecemos a confian\u00e7a que deposita em n\u00f3s. Nesta Pol\u00edtica de Privacidade explicamos quem somos, para que finalidades podemos usar os seus dados, como os tratamos, com quem os partilhamos, durante quanto tempo os conservamos, bem como as formas de entrar em contacto connosco e&hellip;<\/p>\n","protected":false},"author":1,"featured_media":0,"parent":0,"menu_order":40,"comment_status":"closed","ping_status":"closed","template":"","meta":{"_acf_changed":false,"footnotes":""},"class_list":["post-5475","page","type-page","status-publish","hentry"],"acf":[],"jetpack_sharing_enabled":true,"_links":{"self":[{"href":"https:\/\/babyshower.pt\/index.php?rest_route=\/wp\/v2\/pages\/5475","targetHints":{"allow":["GET"]}}],"collection":[{"href":"https:\/\/babyshower.pt\/index.php?rest_route=\/wp\/v2\/pages"}],"about":[{"href":"https:\/\/babyshower.pt\/index.php?rest_route=\/wp\/v2\/types\/page"}],"author":[{"embeddable":true,"href":"https:\/\/babyshower.pt\/index.php?rest_route=\/wp\/v2\/users\/1"}],"replies":[{"embeddable":true,"href":"https:\/\/babyshower.pt\/index.php?rest_route=%2Fwp%2Fv2%2Fcomments&post=5475"}],"version-history":[{"count":11,"href":"https:\/\/babyshower.pt\/index.php?rest_route=\/wp\/v2\/pages\/5475\/revisions"}],"predecessor-version":[{"id":8768,"href":"https:\/\/babyshower.pt\/index.php?rest_route=\/wp\/v2\/pages\/5475\/revisions\/8768"}],"wp:attachment":[{"href":"https:\/\/babyshower.pt\/index.php?rest_route=%2Fwp%2Fv2%2Fmedia&parent=5475"}],"curies":[{"name":"wp","href":"https:\/\/api.w.org\/{rel}","templated":true}]}}